{"id":3610,"date":"2024-02-17T12:10:34","date_gmt":"2024-02-17T11:10:34","guid":{"rendered":"https:\/\/peterkofoedherbst.dk\/?page_id=3610"},"modified":"2024-02-17T12:10:36","modified_gmt":"2024-02-17T11:10:36","slug":"samtaleoplaeg-til-bogen","status":"publish","type":"page","link":"https:\/\/peterkofoedherbst.dk\/?page_id=3610","title":{"rendered":"Samtaleopl\u00e6g til bogen"},"content":{"rendered":"<p>[et_pb_section fb_built=&#8221;1&#8243; disabled_on=&#8221;off|off|off&#8221; _builder_version=&#8221;4.23&#8243; background_enable_color=&#8221;off&#8221; box_shadow_style=&#8221;preset3&#8243; global_colors_info=&#8221;{}&#8221;][et_pb_row column_structure=&#8221;3_5,2_5&#8243; _builder_version=&#8221;4.23&#8243; background_enable_color=&#8221;off&#8221; global_colors_info=&#8221;{}&#8221;][et_pb_column type=&#8221;3_5&#8243; _builder_version=&#8221;4.16&#8243; custom_padding=&#8221;|||&#8221; global_colors_info=&#8221;{}&#8221; custom_padding__hover=&#8221;|||&#8221;][et_pb_text admin_label=&#8221;Tekst: Opl\u00e6g til samtale&#8221; _builder_version=&#8221;4.24.0&#8243; custom_margin=&#8221;||||false|false&#8221; global_colors_info=&#8221;{}&#8221;]<\/p>\n<div class=\"et_pb_module et_pb_text et_pb_text_0 et_pb_bg_layout_light et_pb_text_align_left\">\n<div class=\"et_pb_text_inner\">\n<h1><strong>Opl\u00e6g til samtale<\/strong><\/h1>\n<\/div>\n<\/div>\n<p>[\/et_pb_text][et_pb_divider _builder_version=&#8221;4.23.1&#8243; _module_preset=&#8221;default&#8221; global_colors_info=&#8221;{}&#8221;][\/et_pb_divider][et_pb_text admin_label=&#8221;Tekst: Opl\u00e6g til sm\u00e5grupper &#8211; info&#8221; _builder_version=&#8221;4.24.0&#8243; custom_margin=&#8221;||||false|false&#8221; global_colors_info=&#8221;{}&#8221;]<\/p>\n<div class=\"et_pb_module et_pb_text et_pb_text_0 et_pb_bg_layout_light et_pb_text_align_left\">\n<div class=\"et_pb_text_inner\">\n<h4 style=\"font-weight: 400;\"><strong>Benyt bogen i din studiegruppe, sm\u00e5gruppe eller cellegruppe<\/strong><\/h4>\n<p style=\"font-weight: 400;\"><em>Download samtaleopl\u00e6g til din gruppe og brug dem til inspiration for jeres snak om bogens temaer.\u00a0<\/em><\/p>\n<p>I filen finder du to forskellige opl\u00e6g. Et opl\u00e6g til gruppen, som l\u00e6ser bogen kapitel for kapitel og afslutter med en dr\u00f8ftelse af indholdet &#8211; og et andet opl\u00e6g, som f\u00f8lger bogens tre hovedafsnit:<\/p>\n<ul>\n<li>Kap. 1-3: Hvad skal vi med forbilleder?<\/li>\n<li>Kap. 4-6: Hvad kendetegner det sunde forbillede?<\/li>\n<li>Kap. 7-8: Forbilledlig uperfekt<\/li>\n<\/ul>\n<p>Uanset hvilket format, I benytter, kan det v\u00e6re gavnligt at kaste et blik p\u00e5 begge opl\u00e6g og udv\u00e6lge de sp\u00f8rgsm\u00e5l, som rammer jeres gruppe bedst.<\/p>\n<p>God forn\u00f8jelse! Og har I opmuntringer, kommentarer eller forslag til justeringer af samtaleopl\u00e6ggene, er I meget velkomne til at sende dem til mig via kontakt-formularen.<\/p>\n<\/div>\n<\/div>\n<p>[\/et_pb_text][et_pb_button button_url=&#8221;https:\/\/peterkofoedherbst.dk\/wp-content\/uploads\/2024\/02\/Samtaleoplaeg.pdf&#8221; button_text=&#8221;Hent samtaleopl\u00e6g&#8221; _builder_version=&#8221;4.24.0&#8243; _module_preset=&#8221;default&#8221; global_colors_info=&#8221;{}&#8221;][\/et_pb_button][\/et_pb_column][et_pb_column type=&#8221;2_5&#8243; _builder_version=&#8221;4.16&#8243; custom_padding=&#8221;|||&#8221; global_colors_info=&#8221;{}&#8221; custom_padding__hover=&#8221;|||&#8221;][et_pb_image src=&#8221;https:\/\/peterkofoedherbst.dk\/wp-content\/uploads\/2023\/11\/forbilledlig-uperfekt-forside.jpg&#8221; title_text=&#8221;forbilledlig-uperfekt-forside&#8221; url=&#8221;@ET-DC@eyJkeW5hbWljIjp0cnVlLCJjb250ZW50IjoicG9zdF9saW5rX3VybF9wYWdlIiwic2V0dGluZ3MiOnsicG9zdF9pZCI6IjI3NjMifX0=@&#8221; align_tablet=&#8221;center&#8221; align_phone=&#8221;&#8221; align_last_edited=&#8221;on|desktop&#8221; disabled_on=&#8221;off|off|off&#8221; admin_label=&#8221;Billede bogen&#8221; _builder_version=&#8221;4.23.1&#8243; _dynamic_attributes=&#8221;url&#8221; width=&#8221;50%&#8221; global_colors_info=&#8221;{}&#8221;]<\/p>\n<p>\n&nbsp;<\/p>\n<p>[\/et_pb_image][\/et_pb_column][\/et_pb_row][\/et_pb_section][et_pb_section fb_built=&#8221;1&#8243; admin_label=&#8221;Skiffer med kintsugi&#8221; _builder_version=&#8221;4.23&#8243; _module_preset=&#8221;default&#8221; background_image=&#8221;https:\/\/peterkofoedherbst.dk\/wp-content\/uploads\/2023\/11\/forside-skiffer-1920px.jpg&#8221; global_colors_info=&#8221;{}&#8221;][\/et_pb_section]<\/p>\n","protected":false},"excerpt":{"rendered":"<p>Opl\u00e6g til samtale Benyt bogen i din studiegruppe, sm\u00e5gruppe eller cellegruppe Download samtaleopl\u00e6g til din gruppe og brug dem til inspiration for jeres snak om bogens temaer.\u00a0 I filen finder du to forskellige opl\u00e6g. Et opl\u00e6g til gruppen, som l\u00e6ser bogen kapitel for kapitel og afslutter med en dr\u00f8ftelse af indholdet &#8211; og et andet [&hellip;]<\/p>\n","protected":false},"author":1,"featured_media":0,"parent":3299,"menu_order":0,"comment_status":"closed","ping_status":"closed","template":"","meta":{"_et_pb_use_builder":"on","_et_pb_old_content":"","_et_gb_content_width":"","footnotes":""},"_links":{"self":[{"href":"https:\/\/peterkofoedherbst.dk\/index.php?rest_route=\/wp\/v2\/pages\/3610"}],"collection":[{"href":"https:\/\/peterkofoedherbst.dk\/index.php?rest_route=\/wp\/v2\/pages"}],"about":[{"href":"https:\/\/peterkofoedherbst.dk\/index.php?rest_route=\/wp\/v2\/types\/page"}],"author":[{"embeddable":true,"href":"https:\/\/peterkofoedherbst.dk\/index.php?rest_route=\/wp\/v2\/users\/1"}],"replies":[{"embeddable":true,"href":"https:\/\/peterkofoedherbst.dk\/index.php?rest_route=%2Fwp%2Fv2%2Fcomments&post=3610"}],"version-history":[{"count":11,"href":"https:\/\/peterkofoedherbst.dk\/index.php?rest_route=\/wp\/v2\/pages\/3610\/revisions"}],"predecessor-version":[{"id":3626,"href":"https:\/\/peterkofoedherbst.dk\/index.php?rest_route=\/wp\/v2\/pages\/3610\/revisions\/3626"}],"up":[{"embeddable":true,"href":"https:\/\/peterkofoedherbst.dk\/index.php?rest_route=\/wp\/v2\/pages\/3299"}],"wp:attachment":[{"href":"https:\/\/peterkofoedherbst.dk\/index.php?rest_route=%2Fwp%2Fv2%2Fmedia&parent=3610"}],"curies":[{"name":"wp","href":"https:\/\/api.w.org\/{rel}","templated":true}]}}